
{"id":1264,"date":"2014-11-12T15:06:23","date_gmt":"2014-11-12T12:06:23","guid":{"rendered":"http:\/\/aviationarchaeology.gr\/?page_id=1264"},"modified":"2018-08-30T09:09:12","modified_gmt":"2018-08-30T06:09:12","slug":"partners","status":"publish","type":"page","link":"https:\/\/aviationarchaeology.gr\/?page_id=1264","title":{"rendered":"Partners"},"content":{"rendered":"<p><img decoding=\"async\" loading=\"lazy\" class=\"aligncenter wp-image-15\" src=\"https:\/\/aviationarchaeology.gr\/wp-content\/uploads\/2014\/06\/Aviation-Arcaeology-logo.jpg\" alt=\"Aviation-Arcaeology-logo\" width=\"200\" height=\"176\" srcset=\"https:\/\/aviationarchaeology.gr\/wp-content\/uploads\/2014\/06\/Aviation-Arcaeology-logo.jpg 708w, https:\/\/aviationarchaeology.gr\/wp-content\/uploads\/2014\/06\/Aviation-Arcaeology-logo-300x263.jpg 300w, https:\/\/aviationarchaeology.gr\/wp-content\/uploads\/2014\/06\/Aviation-Arcaeology-logo-170x150.jpg 170w, https:\/\/aviationarchaeology.gr\/wp-content\/uploads\/2014\/06\/Aviation-Arcaeology-logo-150x131.jpg 150w\" sizes=\"(max-width: 200px) 100vw, 200px\" \/><\/p>\n<h4 style=\"text-align: center;\"><strong><span style=\"color: #808080;\">\u03a3\u03c5\u03bd\u03b5\u03c1\u03b3\u03ac\u03c4\u03b5\u03c2<\/span><\/strong><\/h4>\n<p style=\"text-align: left;\"><img decoding=\"async\" loading=\"lazy\" class=\"alignleft wp-image-1336\" src=\"https:\/\/aviationarchaeology.gr\/wp-content\/uploads\/2014\/06\/Greek-flag.png\" alt=\"Greek flag\" width=\"61\" height=\"41\" srcset=\"https:\/\/aviationarchaeology.gr\/wp-content\/uploads\/2014\/06\/Greek-flag.png 275w, https:\/\/aviationarchaeology.gr\/wp-content\/uploads\/2014\/06\/Greek-flag-225x150.png 225w, https:\/\/aviationarchaeology.gr\/wp-content\/uploads\/2014\/06\/Greek-flag-150x99.png 150w\" sizes=\"(max-width: 61px) 100vw, 61px\" \/>To Aviation Archaeology in Greece \u03ad\u03c7\u03b5\u03b9 \u03bc\u03b7 \u03ba\u03b5\u03c1\u03b4\u03bf\u03c3\u03ba\u03bf\u03c0\u03b9\u03ba\u03cc \u03c7\u03b1\u03c1\u03b1\u03ba\u03c4\u03ae\u03c1\u03b1. \u0393\u03b9\u03b1 \u03c4\u03b7\u03bd \u03bf\u03c1\u03b3\u03ac\u03bd\u03c9\u03c3\u03b7 \u03ba\u03b1\u03b9 \u03b5\u03c0\u03af\u03c4\u03b5\u03c5\u03be\u03b7 \u03c4\u03c9\u03bd \u03c3\u03c4\u03cc\u03c7\u03c9\u03bd\u00a0\u03ba\u03b1\u03b9\u00a0\u03b1\u03c0\u03bf\u03c3\u03c4\u03bf\u03bb\u03ce\u03bd \u03c4\u03bf AAG \u03c3\u03c5\u03bd\u03b5\u03c1\u03b3\u03ac\u03b6\u03b5\u03c4\u03b1\u03b9 \u03bc\u03b5 \u03c6\u03bf\u03c1\u03b5\u03af\u03c2, \u03c3\u03c9\u03bc\u03b1\u03c4\u03b5\u03af\u03b1,\u00a0\u03b5\u03c4\u03b1\u03b9\u03c1\u03b5\u03af\u03b5\u03c2 \u03ba\u03b1\u03c4\u03b1\u03b4\u03c5\u03c4\u03b9\u03ba\u03bf\u03cd \u03b5\u03be\u03bf\u03c0\u03bb\u03b9\u03c3\u03bc\u03bf\u03cd \u03ba\u03b1\u03b9 \u03ba\u03b1\u03c4\u03b1\u03b4\u03c5\u03c4\u03b9\u03ba\u03ac \u03ba\u03ad\u03bd\u03c4\u03c1\u03b1 \u03c4\u03b1 \u03bf\u03c0\u03bf\u03af\u03b1\u00a0\u03c0\u03b1\u03c1\u03ad\u03c7\u03bf\u03c5\u03bd \u03c3\u03c5\u03bc\u03b2\u03bf\u03c5\u03bb\u03b5\u03c5\u03c4\u03b9\u03ba\u03ae \u03ba\u03b1\u03b9 \u03c5\u03bb\u03b9\u03ba\u03bf\u03c4\u03b5\u03c7\u03bd\u03b9\u03ba\u03ae \u03c5\u03c0\u03bf\u03c3\u03c4\u03ae\u03c1\u03b9\u03be\u03b7.<\/p>\n<h4 style=\"text-align: center;\"><strong><span style=\"color: #808080;\">Partners<\/span><\/strong><\/h4>\n<p><span style=\"color: #3e454c;\"><img decoding=\"async\" loading=\"lazy\" class=\"alignleft wp-image-1176\" src=\"https:\/\/aviationarchaeology.gr\/wp-content\/uploads\/2014\/11\/enlish-flag.png\" alt=\"enlish flag\" width=\"61\" height=\"31\" srcset=\"https:\/\/aviationarchaeology.gr\/wp-content\/uploads\/2014\/11\/enlish-flag.png 318w, https:\/\/aviationarchaeology.gr\/wp-content\/uploads\/2014\/11\/enlish-flag-300x150.png 300w, https:\/\/aviationarchaeology.gr\/wp-content\/uploads\/2014\/11\/enlish-flag-250x125.png 250w, https:\/\/aviationarchaeology.gr\/wp-content\/uploads\/2014\/11\/enlish-flag-150x75.png 150w\" sizes=\"(max-width: 61px) 100vw, 61px\" \/>For the best organization of the projects and the achievement of the set objectives, AAG collaborates with state and privately funded organizations, diving equipment providers and diving centers, which render advisory and logistical support on a non-profit basis.<\/span><\/p>\n<h4 style=\"text-align: center;\"><span style=\"color: #808080;\"><strong>Zusammenarbeiter<\/strong><\/span><\/h4>\n<p style=\"text-align: left;\"><span style=\"color: #3e454c;\"><img decoding=\"async\" loading=\"lazy\" class=\"alignleft wp-image-1178\" src=\"https:\/\/aviationarchaeology.gr\/wp-content\/uploads\/2014\/11\/German.jpg\" alt=\"German\" width=\"61\" height=\"37\" srcset=\"https:\/\/aviationarchaeology.gr\/wp-content\/uploads\/2014\/11\/German.jpg 290w, https:\/\/aviationarchaeology.gr\/wp-content\/uploads\/2014\/11\/German-250x150.jpg 250w, https:\/\/aviationarchaeology.gr\/wp-content\/uploads\/2014\/11\/German-150x90.jpg 150w\" sizes=\"(max-width: 61px) 100vw, 61px\" \/>F\u00fcr die beste Organisation der Projekte und die Verwirklichung der vorgegebenen Ziele, AAG befinded sich in st\u00e4ndiger Zusammenarbeit mit \u00a0Staat- und privatfinanzierten Organisationen, Tauchausr\u00fcstung-Anbieter und Tauchzentren, die notwendige Beratung und logistische Unterst\u00fctzung auf gemeinn\u00fctziger Basis (ohne eigener wirtschaftlichen Interessen oder Erwerbscharakter\/auf Non-Profit Basis) gew\u00e4hrleisten.<\/span><\/p>\n<h4 style=\"text-align: center;\"><\/h4>\n<hr \/>\n<h4 style=\"text-align: left;\"><span style=\"color: #808080;\"><strong>\u039a\u03b1\u03c4\u03b1\u03b4\u03c5\u03c4\u03b9\u03ba\u03ac \u039a\u03ad\u03bd\u03c4\u03c1\u03b1 &#8211; Diving Centers<\/strong><\/span><\/h4>\n<p style=\"text-align: left;\"><a href=\"http:\/\/aquatec.gr\" target=\"_blank\"><img decoding=\"async\" loading=\"lazy\" class=\"alignnone wp-image-1268\" src=\"https:\/\/aviationarchaeology.gr\/wp-content\/uploads\/2014\/11\/ChaniaEL.png\" alt=\"ChaniaEL\" width=\"84\" height=\"93\" \/><img decoding=\"async\" loading=\"lazy\" class=\"alignleft wp-image-1277\" src=\"https:\/\/aviationarchaeology.gr\/wp-content\/uploads\/2014\/11\/AquaTec-570.jpg\" alt=\"AquaTec-570\" width=\"128\" height=\"60\" srcset=\"https:\/\/aviationarchaeology.gr\/wp-content\/uploads\/2014\/11\/AquaTec-570.jpg 570w, https:\/\/aviationarchaeology.gr\/wp-content\/uploads\/2014\/11\/AquaTec-570-300x142.jpg 300w, https:\/\/aviationarchaeology.gr\/wp-content\/uploads\/2014\/11\/AquaTec-570-250x118.jpg 250w, https:\/\/aviationarchaeology.gr\/wp-content\/uploads\/2014\/11\/AquaTec-570-150x71.jpg 150w\" sizes=\"(max-width: 128px) 100vw, 128px\" \/><img decoding=\"async\" loading=\"lazy\" class=\"alignleft wp-image-1267\" src=\"https:\/\/aviationarchaeology.gr\/wp-content\/uploads\/2014\/11\/naxosdivinglogo.png\" alt=\"naxosdivinglogo\" width=\"102\" height=\"87\" \/><img decoding=\"async\" loading=\"lazy\" class=\"alignleft wp-image-3030\" src=\"https:\/\/aviationarchaeology.gr\/wp-content\/uploads\/2014\/11\/kytheralogo-og-150x150.jpg\" alt=\"kytheralogo-og\" width=\"109\" height=\"109\" srcset=\"https:\/\/aviationarchaeology.gr\/wp-content\/uploads\/2014\/11\/kytheralogo-og-150x150.jpg 150w, https:\/\/aviationarchaeology.gr\/wp-content\/uploads\/2014\/11\/kytheralogo-og.jpg 200w\" sizes=\"(max-width: 109px) 100vw, 109px\" \/><br \/>\n<\/a><\/p>\n<p style=\"text-align: left;\">\n<p style=\"text-align: left;\">\n<p>&nbsp;<\/p>\n<hr \/>\n<h4><span style=\"color: #808080;\"><strong>\u039a\u03b1\u03c4\u03b1\u03b4\u03c5\u03c4\u03b9\u03ba\u03cc\u03c2 \u03b5\u03be\u03bf\u03c0\u03bb\u03b9\u03c3\u03bc\u03cc\u03c2 &#8211; Diving Equipment Providers<\/strong><\/span><\/h4>\n<p><a href=\"http:\/\/www.dirzone.com\" target=\"_blank\"><img decoding=\"async\" loading=\"lazy\" class=\"alignleft  wp-image-1307\" src=\"https:\/\/aviationarchaeology.gr\/wp-content\/uploads\/2014\/11\/dir-zone.jpg\" alt=\"dir zone\" width=\"158\" height=\"40\" srcset=\"https:\/\/aviationarchaeology.gr\/wp-content\/uploads\/2014\/11\/dir-zone.jpg 445w, https:\/\/aviationarchaeology.gr\/wp-content\/uploads\/2014\/11\/dir-zone-300x76.jpg 300w, https:\/\/aviationarchaeology.gr\/wp-content\/uploads\/2014\/11\/dir-zone-250x63.jpg 250w, https:\/\/aviationarchaeology.gr\/wp-content\/uploads\/2014\/11\/dir-zone-150x38.jpg 150w\" sizes=\"(max-width: 158px) 100vw, 158px\" \/><\/a><\/p>\n<hr \/>\n<h4><span style=\"color: #808080;\"><strong>\u03a5\u03c0\u03bf\u03c3\u03c4\u03b7\u03c1\u03b9\u03ba\u03c4\u03ad\u03c2<\/strong><\/span><\/h4>\n<p><a href=\"http:\/\/www.ikaros.net.gr\/\" target=\"_blank\"><img decoding=\"async\" loading=\"lazy\" class=\" wp-image-2282 alignleft\" src=\"https:\/\/aviationarchaeology.gr\/wp-content\/uploads\/2014\/11\/sasi-1024x189.jpg\" alt=\"sasi\" width=\"599\" height=\"110\" srcset=\"https:\/\/aviationarchaeology.gr\/wp-content\/uploads\/2014\/11\/sasi-1024x189.jpg 1024w, https:\/\/aviationarchaeology.gr\/wp-content\/uploads\/2014\/11\/sasi-300x55.jpg 300w, https:\/\/aviationarchaeology.gr\/wp-content\/uploads\/2014\/11\/sasi-250x46.jpg 250w, https:\/\/aviationarchaeology.gr\/wp-content\/uploads\/2014\/11\/sasi-150x27.jpg 150w, https:\/\/aviationarchaeology.gr\/wp-content\/uploads\/2014\/11\/sasi.jpg 1028w\" sizes=\"(max-width: 599px) 100vw, 599px\" \/><\/a><\/p>","protected":false},"excerpt":{"rendered":"<p>\u03a3\u03c5\u03bd\u03b5\u03c1\u03b3\u03ac\u03c4\u03b5\u03c2 To Aviation Archaeology in Greece \u03ad\u03c7\u03b5\u03b9 \u03bc\u03b7 \u03ba\u03b5\u03c1\u03b4\u03bf\u03c3\u03ba\u03bf\u03c0\u03b9\u03ba\u03cc \u03c7\u03b1\u03c1\u03b1\u03ba\u03c4\u03ae\u03c1\u03b1. \u0393\u03b9\u03b1 \u03c4\u03b7\u03bd \u03bf\u03c1\u03b3\u03ac\u03bd\u03c9\u03c3\u03b7 \u03ba\u03b1\u03b9 \u03b5\u03c0\u03af\u03c4\u03b5\u03c5\u03be\u03b7 \u03c4\u03c9\u03bd \u03c3\u03c4\u03cc\u03c7\u03c9\u03bd\u00a0\u03ba\u03b1\u03b9\u00a0\u03b1\u03c0\u03bf\u03c3\u03c4\u03bf\u03bb\u03ce\u03bd \u03c4\u03bf AAG \u03c3\u03c5\u03bd\u03b5\u03c1\u03b3\u03ac\u03b6\u03b5\u03c4\u03b1\u03b9 \u03bc\u03b5 \u03c6\u03bf\u03c1\u03b5\u03af\u03c2, \u03c3\u03c9\u03bc\u03b1\u03c4\u03b5\u03af\u03b1,\u00a0\u03b5\u03c4\u03b1\u03b9\u03c1\u03b5\u03af\u03b5\u03c2 \u03ba\u03b1\u03c4\u03b1\u03b4\u03c5\u03c4\u03b9\u03ba\u03bf\u03cd \u03b5\u03be\u03bf\u03c0\u03bb\u03b9\u03c3\u03bc\u03bf\u03cd \u03ba\u03b1\u03b9 \u03ba\u03b1\u03c4\u03b1\u03b4\u03c5\u03c4\u03b9\u03ba\u03ac \u03ba\u03ad\u03bd\u03c4\u03c1\u03b1 \u03c4\u03b1 \u03bf\u03c0\u03bf\u03af\u03b1\u00a0\u03c0\u03b1\u03c1\u03ad\u03c7\u03bf\u03c5\u03bd \u03c3\u03c5\u03bc\u03b2\u03bf\u03c5\u03bb\u03b5\u03c5\u03c4\u03b9\u03ba\u03ae \u03ba\u03b1\u03b9 \u03c5\u03bb\u03b9\u03ba\u03bf\u03c4\u03b5\u03c7\u03bd\u03b9\u03ba\u03ae \u03c5\u03c0\u03bf\u03c3\u03c4\u03ae\u03c1\u03b9\u03be\u03b7. Partners For the best organization of the projects and the achievement of the set objectives, AAG \u2026 <a class=\"continue-reading-link\" href=\"https:\/\/aviationarchaeology.gr\/?page_id=1264\"> Continue reading <span class=\"meta-nav\">&rarr; <\/span><\/a><\/p>\n","protected":false},"author":1,"featured_media":0,"parent":0,"menu_order":8,"comment_status":"closed","ping_status":"closed","template":"","meta":[],"_links":{"self":[{"href":"https:\/\/aviationarchaeology.gr\/index.php?rest_route=\/wp\/v2\/pages\/1264"}],"collection":[{"href":"https:\/\/aviationarchaeology.gr\/index.php?rest_route=\/wp\/v2\/pages"}],"about":[{"href":"https:\/\/aviationarchaeology.gr\/index.php?rest_route=\/wp\/v2\/types\/page"}],"author":[{"embeddable":true,"href":"https:\/\/aviationarchaeology.gr\/index.php?rest_route=\/wp\/v2\/users\/1"}],"replies":[{"embeddable":true,"href":"https:\/\/aviationarchaeology.gr\/index.php?rest_route=%2Fwp%2Fv2%2Fcomments&post=1264"}],"version-history":[{"count":41,"href":"https:\/\/aviationarchaeology.gr\/index.php?rest_route=\/wp\/v2\/pages\/1264\/revisions"}],"predecessor-version":[{"id":3035,"href":"https:\/\/aviationarchaeology.gr\/index.php?rest_route=\/wp\/v2\/pages\/1264\/revisions\/3035"}],"wp:attachment":[{"href":"https:\/\/aviationarchaeology.gr\/index.php?rest_route=%2Fwp%2Fv2%2Fmedia&parent=1264"}],"curies":[{"name":"wp","href":"https:\/\/api.w.org\/{rel}","templated":true}]}}